{"id":1185,"date":"2025-12-17T04:00:31","date_gmt":"2025-12-17T07:00:31","guid":{"rendered":"https:\/\/todogomasantafe.com.ar\/dev\/?post_type=product&#038;p=1185"},"modified":"2025-12-23T18:21:24","modified_gmt":"2025-12-23T21:21:24","slug":"barrales-de-aluminio-para-cortinas-sanitarias","status":"publish","type":"product","link":"https:\/\/todogomasantafe.com.ar\/?product=barrales-de-aluminio-para-cortinas-sanitarias","title":{"rendered":"BARRALES DE ALUMINIO PARA CORTINAS SANITARIAS"},"content":{"rendered":"<p>Sistema de montaje tipo peine fabricado en aluminio resistente. Ideal para la instalaci\u00f3n r\u00e1pida y segura de cortinas de PVC en c\u00e1maras frigor\u00edficas y aberturas industriales. Esto permite cambiar solo la cinta que se desgast\u00f3 y no todas al desarmar el cortinado.<\/p>\n","protected":false},"excerpt":{"rendered":"<p>Sistema de montaje tipo peine fabricado en aluminio resistente. Ideal para la instalaci\u00f3n r\u00e1pida y segura de cortinas de PVC en c\u00e1maras frigor\u00edficas y aberturas industriales. Esto permite cambiar solo la cinta que se desgast\u00f3 y no todas al desarmar el cortinado.<\/p>\n","protected":false},"featured_media":1457,"template":"","meta":[],"product_brand":[],"product_cat":[48],"product_tag":[],"class_list":{"0":"post-1185","1":"product","2":"type-product","3":"status-publish","4":"has-post-thumbnail","6":"product_cat-cintas-frigorificas","8":"first","9":"instock","10":"shipping-taxable","11":"product-type-simple"},"_links":{"self":[{"href":"https:\/\/todogomasantafe.com.ar\/index.php?rest_route=\/wp\/v2\/product\/1185","targetHints":{"allow":["GET"]}}],"collection":[{"href":"https:\/\/todogomasantafe.com.ar\/index.php?rest_route=\/wp\/v2\/product"}],"about":[{"href":"https:\/\/todogomasantafe.com.ar\/index.php?rest_route=\/wp\/v2\/types\/product"}],"wp:featuredmedia":[{"embeddable":true,"href":"https:\/\/todogomasantafe.com.ar\/index.php?rest_route=\/wp\/v2\/media\/1457"}],"wp:attachment":[{"href":"https:\/\/todogomasantafe.com.ar\/index.php?rest_route=%2Fwp%2Fv2%2Fmedia&parent=1185"}],"wp:term":[{"taxonomy":"product_brand","embeddable":true,"href":"https:\/\/todogomasantafe.com.ar\/index.php?rest_route=%2Fwp%2Fv2%2Fproduct_brand&post=1185"},{"taxonomy":"product_cat","embeddable":true,"href":"https:\/\/todogomasantafe.com.ar\/index.php?rest_route=%2Fwp%2Fv2%2Fproduct_cat&post=1185"},{"taxonomy":"product_tag","embeddable":true,"href":"https:\/\/todogomasantafe.com.ar\/index.php?rest_route=%2Fwp%2Fv2%2Fproduct_tag&post=1185"}],"curies":[{"name":"wp","href":"https:\/\/api.w.org\/{rel}","templated":true}]}}