{"id":1183,"date":"2025-12-17T03:38:24","date_gmt":"2025-12-17T06:38:24","guid":{"rendered":"https:\/\/todogomasantafe.com.ar\/dev\/?post_type=product&#038;p=1183"},"modified":"2025-12-20T02:23:18","modified_gmt":"2025-12-20T05:23:18","slug":"snorkel","status":"publish","type":"product","link":"https:\/\/todogomasantafe.com.ar\/?product=snorkel","title":{"rendered":"SNORKEL"},"content":{"rendered":"<p>Snorkel dise\u00f1ado para entrenamiento de nataci\u00f3n y buceo recreativo. Boquilla de silicona hipoalerg\u00e9nica y dise\u00f1o hidrodin\u00e1mico.<\/p>\n","protected":false},"excerpt":{"rendered":"<p>Snorkel dise\u00f1ado para entrenamiento de nataci\u00f3n y buceo recreativo. Boquilla de silicona hipoalerg\u00e9nica y dise\u00f1o hidrodin\u00e1mico.<\/p>\n","protected":false},"featured_media":1431,"template":"","meta":[],"product_brand":[],"product_cat":[51],"product_tag":[],"class_list":{"0":"post-1183","1":"product","2":"type-product","3":"status-publish","4":"has-post-thumbnail","6":"product_cat-natacion-buceo","8":"first","9":"instock","10":"shipping-taxable","11":"product-type-simple"},"_links":{"self":[{"href":"https:\/\/todogomasantafe.com.ar\/index.php?rest_route=\/wp\/v2\/product\/1183","targetHints":{"allow":["GET"]}}],"collection":[{"href":"https:\/\/todogomasantafe.com.ar\/index.php?rest_route=\/wp\/v2\/product"}],"about":[{"href":"https:\/\/todogomasantafe.com.ar\/index.php?rest_route=\/wp\/v2\/types\/product"}],"wp:featuredmedia":[{"embeddable":true,"href":"https:\/\/todogomasantafe.com.ar\/index.php?rest_route=\/wp\/v2\/media\/1431"}],"wp:attachment":[{"href":"https:\/\/todogomasantafe.com.ar\/index.php?rest_route=%2Fwp%2Fv2%2Fmedia&parent=1183"}],"wp:term":[{"taxonomy":"product_brand","embeddable":true,"href":"https:\/\/todogomasantafe.com.ar\/index.php?rest_route=%2Fwp%2Fv2%2Fproduct_brand&post=1183"},{"taxonomy":"product_cat","embeddable":true,"href":"https:\/\/todogomasantafe.com.ar\/index.php?rest_route=%2Fwp%2Fv2%2Fproduct_cat&post=1183"},{"taxonomy":"product_tag","embeddable":true,"href":"https:\/\/todogomasantafe.com.ar\/index.php?rest_route=%2Fwp%2Fv2%2Fproduct_tag&post=1183"}],"curies":[{"name":"wp","href":"https:\/\/api.w.org\/{rel}","templated":true}]}}